{"id":15,"date":"2015-04-07T16:23:46","date_gmt":"2015-04-07T16:23:46","guid":{"rendered":"http:\/\/www.pensiuneaozon.ro\/?page_id=15"},"modified":"2022-07-14T13:29:24","modified_gmt":"2022-07-14T13:29:24","slug":"rezervari","status":"publish","type":"page","link":"https:\/\/www.pensiuneaozon.ro\/?page_id=15","title":{"rendered":"Tarife si detalii"},"content":{"rendered":"<form method=\"post\">\n\t<p>Sosire: <input type=\"text\" size=\"10\" value=\"28\/04\/2026\"  class=\"wphostelDatePicker\" id=\"wphostelFromDate1\">\n\t<input type=\"hidden\" name=\"wphostel_from\" value=\"2026-04-28\" id=\"alt_wphostelFromDate1\"><\/p>\n\t<p>Plecarea: <input type=\"text\" size=\"10\" value=\"29\/04\/2026\" class=\"wphostelDatePicker\" id=\"wphostelToDate1\">\n\t<input type=\"hidden\" name=\"wphostel_to\" value=\"2026-04-29\" id=\"alt_wphostelToDate1\"><\/p>\n\t<p><input type=\"button\" value=\"Arata disponibilitatea\" onclick=\"validateHostelForm(this.form);\" ><\/p>\n<\/form>\n\n<div id=\"wphostelRoomsTable1\">\n\t<table>\n\t\t<tr><th>Tipul camerei<\/th><th>Baie<\/th>\n\t\t\t\t\t<th>28\/04\/2026<\/th>\n\t\t\t\n\t\t<th>Pret pe persoana<\/th><\/tr>\n\t\t\n\t\t\t\t\t<tr><td>Separata<\/td><td>Comuna<\/td>\n\t\t\t\t\t\t\t<td>2 paturi<\/td>\n\t\t\t\t\n\t\t\t<td>RON 150.00 <br>(Pe noapte pentru intreaga camera)<\/td>\n\t\t\t<\/tr>\n\t\t\t\t\t<tr><td>Separata<\/td><td>Comuna<\/td>\n\t\t\t\t\t\t\t<td>3 paturi<\/td>\n\t\t\t\t\n\t\t\t<td>RON 200.00 <br>(Pe noapte pentru intreaga camera)<\/td>\n\t\t\t<\/tr>\n\t\t\t\t\t<tr><td>Separata<\/td><td>Comuna<\/td>\n\t\t\t\t\t\t\t<td>4 paturi<\/td>\n\t\t\t\t\n\t\t\t<td>RON 250.00 <br>(Pe noapte pentru intreaga camera)<\/td>\n\t\t\t<\/tr>\n\t\t\t\t\t<tr><td>Separata<\/td><td>Comuna<\/td>\n\t\t\t\t\t\t\t<td>4 paturi<\/td>\n\t\t\t\t\n\t\t\t<td>RON 250.00 <br>(Pe noapte pentru intreaga camera)<\/td>\n\t\t\t<\/tr>\n\t\t\t\t\t<tr><td>Apartament<\/td><td>Privata<\/td>\n\t\t\t\t\t\t\t<td>8 paturi<\/td>\n\t\t\t\t\n\t\t\t<td>RON 480.00 <br>(Pe noapte pentru intreaga camera)<\/td>\n\t\t\t<\/tr>\n\t\t<\/table><\/div>\n\n<script type=\"text\/javascript\">\nfunction validateHostelForm(frm) {\n\tstartParts = frm.wphostel_from.value.split('-');\n\tvar startDate = new Date(startParts[0], startParts[1], startParts[2]);\n\tendParts = frm.wphostel_to.value.split('-');\n\tvar endDate = new Date(endParts[0], endParts[1], endParts[2]);\n\t\n\tdaydiff = (endDate - startDate) \/ (1000*60*60*24);\n\t\n\tif(daydiff > 5) {\n\t\t alert(\"V\u0103 rug\u0103m s\u0103 selecta\u0163i p\u00e2n\u0103 la 5 zile interval.\");\n\t\t return false;\n\t}\n\t\n\t\tif(daydiff < 1) {\n\t\talert(\"Sejur minim de 1 zile este necesar\");\n\t\treturn false;\n\t}\n\t\n\tdata = {'action': 'wphostel_ajax', 'type': 'list_rooms', 'wphostel_from' : frm.wphostel_from.value, \n\t\t'wphostel_to' : frm.wphostel_to.value, 'shortcode_id' : '1'};\n\tjQuery.post(wphostel_i18n.ajax_url, data, function(msg){\n\t\t\tjQuery('#wphostelRoomsTable1').html(msg);\n\t\t});\n\t\n}\n\njQuery(document).ready(function() {    \n    jQuery('.wphostelDatePicker').datepicker({\n        dateFormat : 'dd\/mm\/yy',        \n        altFormat : \"yy-mm-dd\",                 \n    });\n    \n    jQuery(\".wphostelDatePicker\").each(function (idx, el) { \n\t    jQuery(this).datepicker(\"option\", \"altField\", \"#alt_\" + jQuery(this).attr(\"id\"));\n\t});\n});\n<\/script>\n","protected":false},"excerpt":{"rendered":"","protected":false},"author":1,"featured_media":0,"parent":0,"menu_order":0,"comment_status":"closed","ping_status":"open","template":"","meta":[],"_links":{"self":[{"href":"https:\/\/www.pensiuneaozon.ro\/index.php?rest_route=\/wp\/v2\/pages\/15"}],"collection":[{"href":"https:\/\/www.pensiuneaozon.ro\/index.php?rest_route=\/wp\/v2\/pages"}],"about":[{"href":"https:\/\/www.pensiuneaozon.ro\/index.php?rest_route=\/wp\/v2\/types\/page"}],"author":[{"embeddable":true,"href":"https:\/\/www.pensiuneaozon.ro\/index.php?rest_route=\/wp\/v2\/users\/1"}],"replies":[{"embeddable":true,"href":"https:\/\/www.pensiuneaozon.ro\/index.php?rest_route=%2Fwp%2Fv2%2Fcomments&post=15"}],"version-history":[{"count":19,"href":"https:\/\/www.pensiuneaozon.ro\/index.php?rest_route=\/wp\/v2\/pages\/15\/revisions"}],"predecessor-version":[{"id":185,"href":"https:\/\/www.pensiuneaozon.ro\/index.php?rest_route=\/wp\/v2\/pages\/15\/revisions\/185"}],"wp:attachment":[{"href":"https:\/\/www.pensiuneaozon.ro\/index.php?rest_route=%2Fwp%2Fv2%2Fmedia&parent=15"}],"curies":[{"name":"wp","href":"https:\/\/api.w.org\/{rel}","templated":true}]}}