{"id":6,"date":"2015-04-07T16:22:56","date_gmt":"2015-04-07T16:22:56","guid":{"rendered":"http:\/\/www.pensiuneaozon.ro\/?page_id=6"},"modified":"2020-06-25T10:48:09","modified_gmt":"2020-06-25T10:48:09","slug":"acasa","status":"publish","type":"page","link":"https:\/\/www.pensiuneaozon.ro\/","title":{"rendered":"Acasa"},"content":{"rendered":"<p><img loading=\"lazy\" class=\"alignright size-medium wp-image-177\" src=\"http:\/\/www.pensiuneaozon.ro\/wp-content\/uploads\/2015\/04\/0c400623-69c3-4f39-9dea-f9bd73161d6f-300x225.jpg\" alt=\"0c400623-69c3-4f39-9dea-f9bd73161d6f\" width=\"300\" height=\"225\" srcset=\"https:\/\/www.pensiuneaozon.ro\/wp-content\/uploads\/2015\/04\/0c400623-69c3-4f39-9dea-f9bd73161d6f-300x225.jpg 300w, https:\/\/www.pensiuneaozon.ro\/wp-content\/uploads\/2015\/04\/0c400623-69c3-4f39-9dea-f9bd73161d6f-1024x768.jpg 1024w, https:\/\/www.pensiuneaozon.ro\/wp-content\/uploads\/2015\/04\/0c400623-69c3-4f39-9dea-f9bd73161d6f.jpg 1600w\" sizes=\"(max-width: 300px) 100vw, 300px\" \/>Pensiunea Ozon este o pensiune situata in Boga-Pietroasa, in drum spre Padis, care ofera servicii de cazare si masa intr-un mediu de vis.Are de acess direct de strada principala din drum\u00a0 catre padis si dispune de o curtea foarte mare pentru parcare dar si pentru plimbare jocuri si siguranta copii.Pe toata lumgime proprietatii curge paraul pietros si acces la apa se poate face direct din proprietate.Este si posibilitate de face plaja in curte aferanta la terase.Asta tot delimitat de gard pentru siiguranta si privacy oaspetilor dar si pentru liniste lor,Pensiunea Ozon dispune de terasa mare pentru bar si restaurant cu mincarurile traditionale si specific italian.In curte este un foisor mare cu sala pentru dansuri-Pensiunea Ozon se afla in\u00a0 Valea Boga unde , izvoraste printr-un izbuc ce dreneaza o parte din apele Platoului Padis. Are o zona de chei \u00eenguste si afluenti cu chei si cascade: vaile Oselu, Bulbuci si Valea Rea. \u00centr-o zona mai larga, este un mic lac de acumulare. Astfel asezata in aceasta zona pitoreasca, <img loading=\"lazy\" class=\"alignleft size-medium wp-image-135\" src=\"http:\/\/www.pensiuneaozon.ro\/wp-content\/uploads\/2015\/04\/poza8-300x188.jpg\" alt=\"poza8\" width=\"300\" height=\"188\" srcset=\"https:\/\/www.pensiuneaozon.ro\/wp-content\/uploads\/2015\/04\/poza8-300x188.jpg 300w, https:\/\/www.pensiuneaozon.ro\/wp-content\/uploads\/2015\/04\/poza8.jpg 800w\" sizes=\"(max-width: 300px) 100vw, 300px\" \/>Pensiunea Ozon este punctul de pornire catre o zona foarte salbatica, cu foarte multe de vazut. Se poate ajunge \u00een cheile Vaii Bulbuci, afluent de stanga a vaii Boga. Salbaticia si inaccesibilitatea sunt trasaturile principale ale acestor chei.Cascada Bulbuci are o \u00eenaltime de 40 m., \u00een trei etaje. Ultimul este cel mai frumos, unde apa se arunca \u00eentr-o cadere de 18-20 m. La celelate doua trepte este mai greu de ajuns.<\/p>\n","protected":false},"excerpt":{"rendered":"<p>Pensiunea Ozon este o pensiune situata in Boga-Pietroasa, in drum spre Padis, care ofera servicii de cazare si masa intr-un mediu de vis.Are de acess direct de strada principala din drum\u00a0 catre padis si dispune de o curtea foarte mare&hellip; <\/p>\n","protected":false},"author":1,"featured_media":0,"parent":0,"menu_order":0,"comment_status":"closed","ping_status":"open","template":"","meta":[],"_links":{"self":[{"href":"https:\/\/www.pensiuneaozon.ro\/index.php?rest_route=\/wp\/v2\/pages\/6"}],"collection":[{"href":"https:\/\/www.pensiuneaozon.ro\/index.php?rest_route=\/wp\/v2\/pages"}],"about":[{"href":"https:\/\/www.pensiuneaozon.ro\/index.php?rest_route=\/wp\/v2\/types\/page"}],"author":[{"embeddable":true,"href":"https:\/\/www.pensiuneaozon.ro\/index.php?rest_route=\/wp\/v2\/users\/1"}],"replies":[{"embeddable":true,"href":"https:\/\/www.pensiuneaozon.ro\/index.php?rest_route=%2Fwp%2Fv2%2Fcomments&post=6"}],"version-history":[{"count":28,"href":"https:\/\/www.pensiuneaozon.ro\/index.php?rest_route=\/wp\/v2\/pages\/6\/revisions"}],"predecessor-version":[{"id":202,"href":"https:\/\/www.pensiuneaozon.ro\/index.php?rest_route=\/wp\/v2\/pages\/6\/revisions\/202"}],"wp:attachment":[{"href":"https:\/\/www.pensiuneaozon.ro\/index.php?rest_route=%2Fwp%2Fv2%2Fmedia&parent=6"}],"curies":[{"name":"wp","href":"https:\/\/api.w.org\/{rel}","templated":true}]}}